{"id":2443,"date":"2018-02-05T10:31:51","date_gmt":"2018-02-05T09:31:51","guid":{"rendered":"https:\/\/albergosantachiara.com\/offerte\/"},"modified":"2022-04-01T14:28:50","modified_gmt":"2022-04-01T12:28:50","slug":"offres","status":"publish","type":"page","link":"https:\/\/www.albergosantachiara.com\/fr\/offres\/","title":{"rendered":"Offres"},"content":{"rendered":"<h2><span style=\"font-size: 18pt;\"><strong>Offert sp\u00e9ciale Flexi <\/strong><\/span><\/h2>\n<p>Petit-d\u00e9jeuner &nbsp;et Wi-Fi Free inclus<\/p>\n<p>Eau Min\u00e9rale gratuit dans le Minibar.<\/p>\n<p>Politique d&rsquo;annulation comme suit :<\/p>\n<p>Jusqu&rsquo;\u00e0 4 jours avant l&rsquo;arriv\u00e9e, aucune p\u00e9nalit\u00e9.<\/p>\n<p>\u00c0 partir du 1er jour et en cas de non-pr\u00e9sentation, la carte de cr\u00e9dit sera d\u00e9bit\u00e9e pour toute la p\u00e9riode r\u00e9serv\u00e9e<\/p>\n<hr>\n<h2><span style=\"color: #993300;\"><span style=\"color: #993300;\">Offert sp\u00e9ciale Non-Remboursable<\/span><\/span><\/h2>\n<p>Tarif non remboursable. Profitez d&rsquo;un rabais important sur le tarif officiel. Pr\u00e9paiement et Charge de 100% sur la confirmation. Il n&rsquo;y a aucune possibilit\u00e9 d&rsquo;un changement de date ou de remboursement. C&rsquo;est inclus la taxe Iva, petit d\u00e9j\u00e8neur et le Wi-Fi mais il n&rsquo;est pas inclus la taxe de s\u00e9jour. V\u00e9rifiez disponibilit\u00e9 on line<\/p>\n<p>&nbsp;<\/p>\n","protected":false},"excerpt":{"rendered":"<p>Offert sp\u00e9ciale Flexi Petit-d\u00e9jeuner &nbsp;et Wi-Fi Free inclus Eau Min\u00e9rale gratuit dans le Minibar. Politique d&rsquo;annulation comme suit : Jusqu&rsquo;\u00e0 4 jours avant l&rsquo;arriv\u00e9e, aucune p\u00e9nalit\u00e9. \u00c0 partir du 1er jour et en cas de non-pr\u00e9sentation, la carte de cr\u00e9dit sera d\u00e9bit\u00e9e pour toute la p\u00e9riode r\u00e9serv\u00e9e Offert sp\u00e9ciale Non-Remboursable Tarif non remboursable. Profitez d&rsquo;un [&hellip;]<\/p>\n","protected":false},"author":1,"featured_media":0,"parent":0,"menu_order":0,"comment_status":"closed","ping_status":"closed","template":"","meta":{"footnotes":""},"class_list":["post-2443","page","type-page","status-publish","hentry"],"_links":{"self":[{"href":"https:\/\/www.albergosantachiara.com\/fr\/wp-json\/wp\/v2\/pages\/2443","targetHints":{"allow":["GET"]}}],"collection":[{"href":"https:\/\/www.albergosantachiara.com\/fr\/wp-json\/wp\/v2\/pages"}],"about":[{"href":"https:\/\/www.albergosantachiara.com\/fr\/wp-json\/wp\/v2\/types\/page"}],"author":[{"embeddable":true,"href":"https:\/\/www.albergosantachiara.com\/fr\/wp-json\/wp\/v2\/users\/1"}],"replies":[{"embeddable":true,"href":"https:\/\/www.albergosantachiara.com\/fr\/wp-json\/wp\/v2\/comments?post=2443"}],"version-history":[{"count":34,"href":"https:\/\/www.albergosantachiara.com\/fr\/wp-json\/wp\/v2\/pages\/2443\/revisions"}],"predecessor-version":[{"id":19653,"href":"https:\/\/www.albergosantachiara.com\/fr\/wp-json\/wp\/v2\/pages\/2443\/revisions\/19653"}],"wp:attachment":[{"href":"https:\/\/www.albergosantachiara.com\/fr\/wp-json\/wp\/v2\/media?parent=2443"}],"curies":[{"name":"wp","href":"https:\/\/api.w.org\/{rel}","templated":true}]}}