{"id":2194,"date":"2015-05-18T08:18:25","date_gmt":"2015-05-18T08:18:25","guid":{"rendered":"https:\/\/albergosantachiara.com\/posizione\/"},"modified":"2024-07-22T10:17:32","modified_gmt":"2024-07-22T08:17:32","slug":"posizione","status":"publish","type":"page","link":"https:\/\/www.albergosantachiara.com\/fr\/posizione\/","title":{"rendered":"Localisation"},"content":{"rendered":"\t\t<div data-elementor-type=\"wp-page\" data-elementor-id=\"2194\" class=\"elementor elementor-2194 elementor-125\" data-elementor-post-type=\"page\">\n\t\t\t\t\t\t<section class=\"elementor-section elementor-top-section elementor-element elementor-element-e6e4ca3 elementor-section-boxed elementor-section-height-default elementor-section-height-default\" data-id=\"e6e4ca3\" data-element_type=\"section\" data-e-type=\"section\">\n\t\t\t\t\t\t<div class=\"elementor-container elementor-column-gap-default\">\n\t\t\t\t\t<div class=\"elementor-column elementor-col-100 elementor-top-column elementor-element elementor-element-d1d4ce4\" data-id=\"d1d4ce4\" data-element_type=\"column\" data-e-type=\"column\">\n\t\t\t<div class=\"elementor-widget-wrap elementor-element-populated\">\n\t\t\t\t\t\t<div class=\"elementor-element elementor-element-f160ef0 elementor-widget elementor-widget-heading\" data-id=\"f160ef0\" data-element_type=\"widget\" data-e-type=\"widget\" data-widget_type=\"heading.default\">\n\t\t\t\t<div class=\"elementor-widget-container\">\n\t\t\t\t\t<h1 class=\"elementor-heading-title elementor-size-default\">Localisation<\/h1>\t\t\t\t<\/div>\n\t\t\t\t<\/div>\n\t\t\t\t\t<\/div>\n\t\t<\/div>\n\t\t\t\t\t<\/div>\n\t\t<\/section>\n\t\t\t\t<section class=\"elementor-section elementor-top-section elementor-element elementor-element-00e7da4 elementor-section-boxed elementor-section-height-default elementor-section-height-default\" data-id=\"00e7da4\" data-element_type=\"section\" data-e-type=\"section\">\n\t\t\t\t\t\t<div class=\"elementor-container elementor-column-gap-default\">\n\t\t\t\t\t<div class=\"elementor-column elementor-col-100 elementor-top-column elementor-element elementor-element-e494510\" data-id=\"e494510\" data-element_type=\"column\" data-e-type=\"column\">\n\t\t\t<div class=\"elementor-widget-wrap elementor-element-populated\">\n\t\t\t\t\t\t<div class=\"elementor-element elementor-element-ad69fac elementor-widget elementor-widget-text-editor\" data-id=\"ad69fac\" data-element_type=\"widget\" data-e-type=\"widget\" data-widget_type=\"text-editor.default\">\n\t\t\t\t<div class=\"elementor-widget-container\">\n\t\t\t\t\t\t\t\t\t<p>L\u2019h\u00f4tel se trouve juste derri\u00e8re le Panth\u00e9on, un des plus connus monument de Rome. Vous vivrez dans le vrai centre historique de la ville avec la possibilit\u00e9 d\u2019arriver dans les plus importantes site touristique de la ville \u00e0 pieds. Ce quartier est principalement pour les pi\u00e9tons avec ses petit ruelles avec le caract\u00e9ristique pav\u00e9. Ici il y a beaucoup de restaurants, magasins et caf\u00e9s. L\u2019h\u00f4tel se trouve parmi rue de Santa Chiara et Piazza della Minerva une des plus belle et tranquille place de Rome.<\/p><p>En sortant the l\u2019h\u00f4tel, dans une direction on ira vers Piazza Navona seulement 5 minutes \u00e0 pieds, comme Campo de Fiori. Dans l\u2019autre sens on ira vers la rue commercial de Via del Corso, plein des magasins ou Fontana di Trevi, 10 minutes \u00e0 pieds, quelques minutes en plus et on arrivera a Piazza de Spagna.<\/p><p>Donc vous avez la possibilit\u00e9 d\u2019arriver \u00e0 pieds sans probl\u00e8me dans tout le centre de la ville.<\/p>\t\t\t\t\t\t\t\t<\/div>\n\t\t\t\t<\/div>\n\t\t\t\t\t<\/div>\n\t\t<\/div>\n\t\t\t\t\t<\/div>\n\t\t<\/section>\n\t\t\t\t<section class=\"elementor-section elementor-top-section elementor-element elementor-element-4b6bcd8 elementor-section-full_width elementor-section-height-default elementor-section-height-default\" data-id=\"4b6bcd8\" data-element_type=\"section\" data-e-type=\"section\">\n\t\t\t\t\t\t<div class=\"elementor-container elementor-column-gap-default\">\n\t\t\t\t\t<div class=\"elementor-column elementor-col-100 elementor-top-column elementor-element elementor-element-21b10cf\" data-id=\"21b10cf\" data-element_type=\"column\" data-e-type=\"column\">\n\t\t\t<div class=\"elementor-widget-wrap elementor-element-populated\">\n\t\t\t\t\t\t<div class=\"elementor-element elementor-element-14c7d64 elementor-widget elementor-widget-google_maps\" data-id=\"14c7d64\" data-element_type=\"widget\" data-e-type=\"widget\" data-widget_type=\"google_maps.default\">\n\t\t\t\t<div class=\"elementor-widget-container\">\n\t\t\t\t\t\t\t<div class=\"elementor-custom-embed\">\n\t\t\t<iframe loading=\"lazy\"\n\t\t\t\t\tsrc=\"https:\/\/maps.google.com\/maps?q=Hotel%20Albergo%20Santa%20Chiara%2C%20Via%20Santa%20Chiara%2021%20Roma&#038;t=m&#038;z=18&#038;output=embed&#038;iwloc=near\"\n\t\t\t\t\ttitle=\"Hotel Albergo Santa Chiara, Via Santa Chiara 21 Roma\"\n\t\t\t\t\taria-label=\"Hotel Albergo Santa Chiara, Via Santa Chiara 21 Roma\"\n\t\t\t><\/iframe>\n\t\t<\/div>\n\t\t\t\t\t\t<\/div>\n\t\t\t\t<\/div>\n\t\t\t\t\t<\/div>\n\t\t<\/div>\n\t\t\t\t\t<\/div>\n\t\t<\/section>\n\t\t\t\t<section class=\"elementor-section elementor-top-section elementor-element elementor-element-59c9664 elementor-section-boxed elementor-section-height-default elementor-section-height-default\" data-id=\"59c9664\" data-element_type=\"section\" data-e-type=\"section\">\n\t\t\t\t\t\t<div class=\"elementor-container elementor-column-gap-default\">\n\t\t\t\t\t<div class=\"elementor-column elementor-col-100 elementor-top-column elementor-element elementor-element-1de04a4\" data-id=\"1de04a4\" data-element_type=\"column\" data-e-type=\"column\">\n\t\t\t<div class=\"elementor-widget-wrap elementor-element-populated\">\n\t\t\t\t\t\t<div class=\"elementor-element elementor-element-6a5a234 elementor-widget elementor-widget-heading\" data-id=\"6a5a234\" data-element_type=\"widget\" data-e-type=\"widget\" data-widget_type=\"heading.default\">\n\t\t\t\t<div class=\"elementor-widget-container\">\n\t\t\t\t\t<h2 class=\"elementor-heading-title elementor-size-default\">COMMENT ARRIVER CHEZ NOUS :<\/h2>\t\t\t\t<\/div>\n\t\t\t\t<\/div>\n\t\t\t\t\t<\/div>\n\t\t<\/div>\n\t\t\t\t\t<\/div>\n\t\t<\/section>\n\t\t\t\t<section class=\"elementor-section elementor-top-section elementor-element elementor-element-11050e9b elementor-section-boxed elementor-section-height-default elementor-section-height-default\" data-id=\"11050e9b\" data-element_type=\"section\" data-e-type=\"section\">\n\t\t\t\t\t\t<div class=\"elementor-container elementor-column-gap-default\">\n\t\t\t\t\t<div class=\"elementor-column elementor-col-100 elementor-top-column elementor-element elementor-element-1766ecb\" data-id=\"1766ecb\" data-element_type=\"column\" data-e-type=\"column\">\n\t\t\t<div class=\"elementor-widget-wrap elementor-element-populated\">\n\t\t\t\t\t\t<div class=\"elementor-element elementor-element-3d241d47 elementor-widget elementor-widget-text-editor\" data-id=\"3d241d47\" data-element_type=\"widget\" data-e-type=\"widget\" data-widget_type=\"text-editor.default\">\n\t\t\t\t<div class=\"elementor-widget-container\">\n\t\t\t\t\t\t\t\t\t<p><strong>(GPS 41,898 lat. 12,476 lat.)<\/strong><\/p><p><strong>PAR AUTOCAR :<\/strong><\/p><p>L\u2019Albergo est situ\u00e9e dans une zone \u00e0 trafic limit\u00e9 (ZTL) et nous n\u2019avons pas du parking. Nous vous conseillons de nous contacter pour avoir plus de renseignements pour\u00a0 entrer et se garer dans la zone.<\/p><p>De l\u2019a\u00e9roport FIUMICINO Leonardo da Vince qui se trouve \u00e0 35 km de l\u2019Albergo. Il est possible d\u2019arriver ici :<\/p><p><strong>TAXI :<\/strong><\/p><p>La tarif officiel est au moment de \u20ac 55,00 pour le taxi qui sont de la municipalit\u00e9 de Rome. Cette tarif est fix\u00e9 pour un autocar max. 4 personnes.<\/p><p><strong>PAR TRAIN :<\/strong><\/p><p>LEONARDO EXPRESS jusqu\u2019 \u00e0 la Gare de ROMA TERMINI<\/p><p>TRAIN METROPOLITAINE FIUMICINO AEROPORTO \u2013 FARA SABINA jusqu\u2019\u00e0 la Gare de ROMA TRASTEVERE<\/p><p>Pour les horaires et les prix, vous pouvez regarder sur le site internet officiel de Trenitalia : http:\/\/www.trenitalia.com\/tcom-fr<\/p><p><strong>BUS :<\/strong><\/p><p>Il y a diff\u00e9rents compagnies, on peut vous nommer 2 : Terravision et Sit Bus tous les deux arrivent \u00e0 la Gare de Termini<\/p><p>Pour les renseignements voir le site :<\/p><p>http:\/\/www.terravision.eu\/francese\/airport_transfer\/bus-aeroport-fiumicino-roma\/?noredirect=fr_FR<\/p><p>http:\/\/www.sitbusshuttle.com\/fr\/<\/p><p><strong>CIAMPINO<\/strong> Pastine a\u00e9roport est situ\u00e9e \u00e0 25 km de l\u2019Albergo. Il est possible d\u2019arriver ici :<\/p><p><strong>TAXI :<\/strong> La tarif officiel est au moment de \u20ac 40,00 pour le taxi qui sont de la municipalit\u00e9 de Rome. Les bagages va couter 1,00 chaque pi\u00e8ce.<\/p><p>Cette tarif est pour un autocar max. 4 personnes.<\/p><p><strong>PAR TRAIN :<\/strong><\/p><p>De l\u2019a\u00e9roport il faut prendre un bus locale jusqu\u2019\u00e0 la gare de Ciampino et de l\u00e0 le train pour la gare Roma Termini<\/p><p>Pour les horaires et les prix, vous pouvez regarder sur le site internet officiel de Trenitalia : http:\/\/www.trenitalia.com\/tcom-fr<\/p><p><strong>BUS :<\/strong><\/p><p>Il y a diff\u00e9rents compagnies, on peut vous nommer 2 : Terravision et Sit Bus tous les deux arrivent \u00e0 la Gare de Termini<\/p><p>Pour les renseignements voir le site :<\/p><p>http:\/\/www.terravision.eu\/airport_transfer\/bus-ciampino-airport-rome\/?noredirect=en_US<\/p><p>http:\/\/www.sitbusshuttle.com\/fr\/<\/p><p><strong>DE LA GARE ROMA TERMINI :<\/strong><\/p><p><strong>PAR TAXI :<\/strong><\/p><p>Le taxi sont situ\u00e9e \u00e0 l\u2019entr\u00e9e \/sortie principale de la Gare. Il n\u2019y a pas une tarif fixe, mais il y a \u20ac 2,00 pour le d\u00e9part de la gare et \u20ac 1,00 chaque bagage.<\/p><p>Tous ensemble le prix pour arrive \u00e0 l\u2019h\u00f4tel n\u2019est pas plus de 15,00 \/ 20,00 Euros<\/p><p><strong>PAR AUTOBUS PUBLIC :<\/strong><\/p><p>De la Place dei Cinquecento, juste en face de la Gare, vous pouvez prendre le bus 64 ou 40 et descendre \u00e0 Largo Argentina, de l\u00e0 nous sommes \u00e0 2 minutes \u00e0 pieds<\/p><p>http:\/\/www.atac.roma.it\/index.asp?lingua=ENG<\/p><p><strong>DE LA GARE ROMA TRASTEVERE :<\/strong><\/p><p><strong>PAR TAXI :<\/strong><\/p><p>Le taxi sont situ\u00e9e au dehors de la gare \/sortie principale de la Gare. La tarif est fait par le taxim\u00e8tre.<\/p><p><strong>PAR AUTOBUS PUBLIC :<\/strong><\/p><p>De la Place dei Cinquecento, juste en face de la Gare, vous pouvez prendre le bus 64 ou 40 et descendre \u00e0 Largo Argentina, de l\u00e0 nous sommes \u00e0 2 minutes \u00e0 pieds<\/p><p>http:\/\/www.atac.roma.it\/index.asp?lingua=ENG<\/p><p><strong>L\u2019ARRET DE METRO PLUS PROCHE :<\/strong><\/p><p>L\u2019arr\u00eat plus proche de nous est SPAGNA sur la Ligne A et de l\u00e0 nous sommes \u00e0 15 minutes \u00e0 pieds<\/p>\t\t\t\t\t\t\t\t<\/div>\n\t\t\t\t<\/div>\n\t\t\t\t\t<\/div>\n\t\t<\/div>\n\t\t\t\t\t<\/div>\n\t\t<\/section>\n\t\t\t\t<\/div>\n\t\t","protected":false},"excerpt":{"rendered":"<p>L\u2019h\u00f4tel se trouve juste derri\u00e8re le Panth\u00e9on, un des plus connus monument de Rome. Vous vivrez dans le vrai centre historique de la ville avec la possibilit\u00e9 d\u2019arriver dans les plus importantes site touristique de la ville \u00e0 pieds. Ce quartier est principalement pour les pi\u00e9tons avec ses petit ruelles avec le caract\u00e9ristique pav\u00e9. Ici [&hellip;]<\/p>\n","protected":false},"author":1,"featured_media":0,"parent":0,"menu_order":0,"comment_status":"closed","ping_status":"closed","template":"","meta":{"footnotes":""},"class_list":["post-2194","page","type-page","status-publish","hentry"],"_links":{"self":[{"href":"https:\/\/www.albergosantachiara.com\/fr\/wp-json\/wp\/v2\/pages\/2194","targetHints":{"allow":["GET"]}}],"collection":[{"href":"https:\/\/www.albergosantachiara.com\/fr\/wp-json\/wp\/v2\/pages"}],"about":[{"href":"https:\/\/www.albergosantachiara.com\/fr\/wp-json\/wp\/v2\/types\/page"}],"author":[{"embeddable":true,"href":"https:\/\/www.albergosantachiara.com\/fr\/wp-json\/wp\/v2\/users\/1"}],"replies":[{"embeddable":true,"href":"https:\/\/www.albergosantachiara.com\/fr\/wp-json\/wp\/v2\/comments?post=2194"}],"version-history":[{"count":11,"href":"https:\/\/www.albergosantachiara.com\/fr\/wp-json\/wp\/v2\/pages\/2194\/revisions"}],"predecessor-version":[{"id":21299,"href":"https:\/\/www.albergosantachiara.com\/fr\/wp-json\/wp\/v2\/pages\/2194\/revisions\/21299"}],"wp:attachment":[{"href":"https:\/\/www.albergosantachiara.com\/fr\/wp-json\/wp\/v2\/media?parent=2194"}],"curies":[{"name":"wp","href":"https:\/\/api.w.org\/{rel}","templated":true}]}}