{"id":2167,"date":"2017-12-26T16:04:09","date_gmt":"2017-12-26T15:04:09","guid":{"rendered":"https:\/\/albergosantachiara.com\/camera-doppia-superior-tripla\/"},"modified":"2022-11-02T12:31:06","modified_gmt":"2022-11-02T11:31:06","slug":"camera-doppia-superior-tripla","status":"publish","type":"page","link":"https:\/\/www.albergosantachiara.com\/fr\/camera-doppia-superior-tripla\/","title":{"rendered":"Sup\u00e9rieure Double\/Triple"},"content":{"rendered":"\t\t<div data-elementor-type=\"wp-page\" data-elementor-id=\"2167\" class=\"elementor elementor-2167 elementor-1986\" data-elementor-post-type=\"page\">\n\t\t\t\t\t\t<section class=\"elementor-section elementor-top-section elementor-element elementor-element-d1c3687 elementor-section-boxed elementor-section-height-default elementor-section-height-default\" data-id=\"d1c3687\" data-element_type=\"section\" data-e-type=\"section\">\n\t\t\t\t\t\t<div class=\"elementor-container elementor-column-gap-default\">\n\t\t\t\t\t<div class=\"elementor-column elementor-col-100 elementor-top-column elementor-element elementor-element-7021ef7\" data-id=\"7021ef7\" data-element_type=\"column\" data-e-type=\"column\">\n\t\t\t<div class=\"elementor-widget-wrap elementor-element-populated\">\n\t\t\t\t\t\t<div class=\"elementor-element elementor-element-de7eb01 elementor-widget elementor-widget-heading\" data-id=\"de7eb01\" data-element_type=\"widget\" data-e-type=\"widget\" data-widget_type=\"heading.default\">\n\t\t\t\t<div class=\"elementor-widget-container\">\n\t\t\t\t\t<h1 class=\"elementor-heading-title elementor-size-default\">Sup\u00e9rieure Double\/Triple<\/h1>\t\t\t\t<\/div>\n\t\t\t\t<\/div>\n\t\t\t\t\t<\/div>\n\t\t<\/div>\n\t\t\t\t\t<\/div>\n\t\t<\/section>\n\t\t\t\t<section class=\"elementor-section elementor-top-section elementor-element elementor-element-5ef613b elementor-section-boxed elementor-section-height-default elementor-section-height-default\" data-id=\"5ef613b\" data-element_type=\"section\" data-e-type=\"section\">\n\t\t\t\t\t\t<div class=\"elementor-container elementor-column-gap-default\">\n\t\t\t\t\t<div class=\"elementor-column elementor-col-100 elementor-top-column elementor-element elementor-element-acb47be\" data-id=\"acb47be\" data-element_type=\"column\" data-e-type=\"column\">\n\t\t\t<div class=\"elementor-widget-wrap elementor-element-populated\">\n\t\t\t\t\t\t<div class=\"elementor-element elementor-element-307107d elementor-widget elementor-widget-text-editor\" data-id=\"307107d\" data-element_type=\"widget\" data-e-type=\"widget\" data-widget_type=\"text-editor.default\">\n\t\t\t\t<div class=\"elementor-widget-container\">\n\t\t\t\t\t\t\t\t\t<ul><li>Lit double ou deux lits, plus un canap\u00e9-lit<\/li><li>20 \u00e0 30 m\u00b2<\/li><li>salle de bain<\/li><li>face interne ou externe<\/li><li>Capacit\u00e9 jusqu&rsquo;\u00e0 3 personnes<\/li><li>possibilit\u00e9 de chambres avec terrasse, parquet<\/li><li>Non-Fumeur<\/li><\/ul>\t\t\t\t\t\t\t\t<\/div>\n\t\t\t\t<\/div>\n\t\t\t\t\t<\/div>\n\t\t<\/div>\n\t\t\t\t\t<\/div>\n\t\t<\/section>\n\t\t\t\t<section class=\"elementor-section elementor-top-section elementor-element elementor-element-98a297f elementor-section-boxed elementor-section-height-default elementor-section-height-default\" data-id=\"98a297f\" data-element_type=\"section\" data-e-type=\"section\">\n\t\t\t\t\t\t<div class=\"elementor-container elementor-column-gap-default\">\n\t\t\t\t\t<div class=\"elementor-column elementor-col-100 elementor-top-column elementor-element elementor-element-fc2ce70\" data-id=\"fc2ce70\" data-element_type=\"column\" data-e-type=\"column\">\n\t\t\t<div class=\"elementor-widget-wrap elementor-element-populated\">\n\t\t\t\t\t\t<div class=\"elementor-element elementor-element-6e7bfab elementor-widget elementor-widget-gallery\" data-id=\"6e7bfab\" data-element_type=\"widget\" data-e-type=\"widget\" data-settings=\"{&quot;columns&quot;:2,&quot;gap&quot;:{&quot;unit&quot;:&quot;px&quot;,&quot;size&quot;:20,&quot;sizes&quot;:[]},&quot;aspect_ratio&quot;:&quot;4:3&quot;,&quot;lazyload&quot;:&quot;yes&quot;,&quot;gallery_layout&quot;:&quot;grid&quot;,&quot;columns_tablet&quot;:2,&quot;columns_mobile&quot;:1,&quot;gap_tablet&quot;:{&quot;unit&quot;:&quot;px&quot;,&quot;size&quot;:10,&quot;sizes&quot;:[]},&quot;gap_mobile&quot;:{&quot;unit&quot;:&quot;px&quot;,&quot;size&quot;:10,&quot;sizes&quot;:[]},&quot;link_to&quot;:&quot;file&quot;,&quot;overlay_background&quot;:&quot;yes&quot;,&quot;content_hover_animation&quot;:&quot;fade-in&quot;}\" data-widget_type=\"gallery.default\">\n\t\t\t\t<div class=\"elementor-widget-container\">\n\t\t\t\t\t\t\t<div class=\"elementor-gallery__container\">\n\t\t\t\t\t\t\t<a class=\"e-gallery-item elementor-gallery-item elementor-animated-content\" href=\"https:\/\/www.albergosantachiara.com\/wp-content\/uploads\/2022\/11\/doppia_superior_tripla_1.jpg\" data-elementor-open-lightbox=\"yes\" data-elementor-lightbox-slideshow=\"6e7bfab\" data-e-action-hash=\"#elementor-action%3Aaction%3Dlightbox%26settings%3DeyJpZCI6MjA2NTcsInVybCI6Imh0dHBzOlwvXC93d3cuYWxiZXJnb3NhbnRhY2hpYXJhLmNvbVwvd3AtY29udGVudFwvdXBsb2Fkc1wvMjAyMlwvMTFcL2RvcHBpYV9zdXBlcmlvcl90cmlwbGFfMS5qcGciLCJzbGlkZXNob3ciOiI2ZTdiZmFiIn0%3D\">\n\t\t\t\t\t<div class=\"e-gallery-image elementor-gallery-item__image\" data-thumbnail=\"https:\/\/www.albergosantachiara.com\/wp-content\/uploads\/2022\/11\/doppia_superior_tripla_1.jpg\" data-width=\"1024\" data-height=\"682\" aria-label=\"\" role=\"img\" ><\/div>\n\t\t\t\t\t\t\t\t\t\t\t<div class=\"elementor-gallery-item__overlay\"><\/div>\n\t\t\t\t\t\t\t\t\t\t\t\t\t\t<\/a>\n\t\t\t\t\t\t\t<a class=\"e-gallery-item elementor-gallery-item elementor-animated-content\" href=\"https:\/\/www.albergosantachiara.com\/wp-content\/uploads\/2022\/11\/doppia_superior_tripla_2.jpg\" data-elementor-open-lightbox=\"yes\" data-elementor-lightbox-slideshow=\"6e7bfab\" data-e-action-hash=\"#elementor-action%3Aaction%3Dlightbox%26settings%3DeyJpZCI6MjA2NjEsInVybCI6Imh0dHBzOlwvXC93d3cuYWxiZXJnb3NhbnRhY2hpYXJhLmNvbVwvd3AtY29udGVudFwvdXBsb2Fkc1wvMjAyMlwvMTFcL2RvcHBpYV9zdXBlcmlvcl90cmlwbGFfMi5qcGciLCJzbGlkZXNob3ciOiI2ZTdiZmFiIn0%3D\">\n\t\t\t\t\t<div class=\"e-gallery-image elementor-gallery-item__image\" data-thumbnail=\"https:\/\/www.albergosantachiara.com\/wp-content\/uploads\/2022\/11\/doppia_superior_tripla_2.jpg\" data-width=\"833\" data-height=\"768\" aria-label=\"\" role=\"img\" ><\/div>\n\t\t\t\t\t\t\t\t\t\t\t<div class=\"elementor-gallery-item__overlay\"><\/div>\n\t\t\t\t\t\t\t\t\t\t\t\t\t\t<\/a>\n\t\t\t\t\t\t\t<a class=\"e-gallery-item elementor-gallery-item elementor-animated-content\" href=\"https:\/\/www.albergosantachiara.com\/wp-content\/uploads\/2022\/11\/doppia_superior_tripla_3.jpg\" data-elementor-open-lightbox=\"yes\" data-elementor-lightbox-slideshow=\"6e7bfab\" data-e-action-hash=\"#elementor-action%3Aaction%3Dlightbox%26settings%3DeyJpZCI6MjA2NjUsInVybCI6Imh0dHBzOlwvXC93d3cuYWxiZXJnb3NhbnRhY2hpYXJhLmNvbVwvd3AtY29udGVudFwvdXBsb2Fkc1wvMjAyMlwvMTFcL2RvcHBpYV9zdXBlcmlvcl90cmlwbGFfMy5qcGciLCJzbGlkZXNob3ciOiI2ZTdiZmFiIn0%3D\">\n\t\t\t\t\t<div class=\"e-gallery-image elementor-gallery-item__image\" data-thumbnail=\"https:\/\/www.albergosantachiara.com\/wp-content\/uploads\/2022\/11\/doppia_superior_tripla_3.jpg\" data-width=\"650\" data-height=\"975\" aria-label=\"\" role=\"img\" ><\/div>\n\t\t\t\t\t\t\t\t\t\t\t<div class=\"elementor-gallery-item__overlay\"><\/div>\n\t\t\t\t\t\t\t\t\t\t\t\t\t\t<\/a>\n\t\t\t\t\t\t\t<a class=\"e-gallery-item elementor-gallery-item elementor-animated-content\" href=\"https:\/\/www.albergosantachiara.com\/wp-content\/uploads\/2022\/11\/doppia_superior_tripla_4.jpg\" data-elementor-open-lightbox=\"yes\" data-elementor-lightbox-slideshow=\"6e7bfab\" data-e-action-hash=\"#elementor-action%3Aaction%3Dlightbox%26settings%3DeyJpZCI6MjA2NjksInVybCI6Imh0dHBzOlwvXC93d3cuYWxiZXJnb3NhbnRhY2hpYXJhLmNvbVwvd3AtY29udGVudFwvdXBsb2Fkc1wvMjAyMlwvMTFcL2RvcHBpYV9zdXBlcmlvcl90cmlwbGFfNC5qcGciLCJzbGlkZXNob3ciOiI2ZTdiZmFiIn0%3D\">\n\t\t\t\t\t<div class=\"e-gallery-image elementor-gallery-item__image\" data-thumbnail=\"https:\/\/www.albergosantachiara.com\/wp-content\/uploads\/2022\/11\/doppia_superior_tripla_4.jpg\" data-width=\"1023\" data-height=\"891\" aria-label=\"\" role=\"img\" ><\/div>\n\t\t\t\t\t\t\t\t\t\t\t<div class=\"elementor-gallery-item__overlay\"><\/div>\n\t\t\t\t\t\t\t\t\t\t\t\t\t\t<\/a>\n\t\t\t\t\t<\/div>\n\t\t\t\t\t<\/div>\n\t\t\t\t<\/div>\n\t\t\t\t\t<\/div>\n\t\t<\/div>\n\t\t\t\t\t<\/div>\n\t\t<\/section>\n\t\t\t\t<\/div>\n\t\t","protected":false},"excerpt":{"rendered":"<p>Lit double ou deux lits, plus un canap\u00e9-lit 20 \u00e0 30 m\u00b2 salle de bain face interne ou externe Capacit\u00e9 jusqu&rsquo;\u00e0 3 personnes possibilit\u00e9 de chambres avec terrasse, parquet Non-Fumeur<\/p>\n","protected":false},"author":1,"featured_media":0,"parent":0,"menu_order":0,"comment_status":"closed","ping_status":"closed","template":"","meta":{"footnotes":""},"class_list":["post-2167","page","type-page","status-publish","hentry"],"_links":{"self":[{"href":"https:\/\/www.albergosantachiara.com\/fr\/wp-json\/wp\/v2\/pages\/2167","targetHints":{"allow":["GET"]}}],"collection":[{"href":"https:\/\/www.albergosantachiara.com\/fr\/wp-json\/wp\/v2\/pages"}],"about":[{"href":"https:\/\/www.albergosantachiara.com\/fr\/wp-json\/wp\/v2\/types\/page"}],"author":[{"embeddable":true,"href":"https:\/\/www.albergosantachiara.com\/fr\/wp-json\/wp\/v2\/users\/1"}],"replies":[{"embeddable":true,"href":"https:\/\/www.albergosantachiara.com\/fr\/wp-json\/wp\/v2\/comments?post=2167"}],"version-history":[{"count":6,"href":"https:\/\/www.albergosantachiara.com\/fr\/wp-json\/wp\/v2\/pages\/2167\/revisions"}],"predecessor-version":[{"id":20997,"href":"https:\/\/www.albergosantachiara.com\/fr\/wp-json\/wp\/v2\/pages\/2167\/revisions\/20997"}],"wp:attachment":[{"href":"https:\/\/www.albergosantachiara.com\/fr\/wp-json\/wp\/v2\/media?parent=2167"}],"curies":[{"name":"wp","href":"https:\/\/api.w.org\/{rel}","templated":true}]}}