{"id":2087,"date":"2017-12-24T17:11:52","date_gmt":"2017-12-24T16:11:52","guid":{"rendered":"https:\/\/albergosantachiara.com\/chi-siamo\/"},"modified":"2022-11-02T11:38:59","modified_gmt":"2022-11-02T10:38:59","slug":"chi-siamo","status":"publish","type":"page","link":"https:\/\/www.albergosantachiara.com\/fr\/chi-siamo\/","title":{"rendered":"Hotel"},"content":{"rendered":"\t\t<div data-elementor-type=\"wp-page\" data-elementor-id=\"2087\" class=\"elementor elementor-2087 elementor-1856\" data-elementor-post-type=\"page\">\n\t\t\t\t\t\t<section class=\"elementor-section elementor-top-section elementor-element elementor-element-383c6cc elementor-section-boxed elementor-section-height-default elementor-section-height-default\" data-id=\"383c6cc\" data-element_type=\"section\" data-e-type=\"section\">\n\t\t\t\t\t\t<div class=\"elementor-container elementor-column-gap-default\">\n\t\t\t\t\t<div class=\"elementor-column elementor-col-100 elementor-top-column elementor-element elementor-element-6642b7e\" data-id=\"6642b7e\" data-element_type=\"column\" data-e-type=\"column\">\n\t\t\t<div class=\"elementor-widget-wrap elementor-element-populated\">\n\t\t\t\t\t\t<div class=\"elementor-element elementor-element-8bbe49b elementor-widget elementor-widget-heading\" data-id=\"8bbe49b\" data-element_type=\"widget\" data-e-type=\"widget\" data-widget_type=\"heading.default\">\n\t\t\t\t<div class=\"elementor-widget-container\">\n\t\t\t\t\t<h1 class=\"elementor-heading-title elementor-size-default\">Hotel<\/h1>\t\t\t\t<\/div>\n\t\t\t\t<\/div>\n\t\t\t\t\t<\/div>\n\t\t<\/div>\n\t\t\t\t\t<\/div>\n\t\t<\/section>\n\t\t\t\t<section class=\"elementor-section elementor-top-section elementor-element elementor-element-ddcbf5c elementor-section-boxed elementor-section-height-default elementor-section-height-default\" data-id=\"ddcbf5c\" data-element_type=\"section\" data-e-type=\"section\">\n\t\t\t\t\t\t<div class=\"elementor-container elementor-column-gap-default\">\n\t\t\t\t\t<div class=\"elementor-column elementor-col-100 elementor-top-column elementor-element elementor-element-ca572ba\" data-id=\"ca572ba\" data-element_type=\"column\" data-e-type=\"column\" data-settings=\"{&quot;background_background&quot;:&quot;classic&quot;}\">\n\t\t\t<div class=\"elementor-widget-wrap elementor-element-populated\">\n\t\t\t\t\t\t<div class=\"elementor-element elementor-element-c95ff3f elementor-widget elementor-widget-spacer\" data-id=\"c95ff3f\" data-element_type=\"widget\" data-e-type=\"widget\" data-widget_type=\"spacer.default\">\n\t\t\t\t<div class=\"elementor-widget-container\">\n\t\t\t\t\t\t\t<div class=\"elementor-spacer\">\n\t\t\t<div class=\"elementor-spacer-inner\"><\/div>\n\t\t<\/div>\n\t\t\t\t\t\t<\/div>\n\t\t\t\t<\/div>\n\t\t\t\t\t<\/div>\n\t\t<\/div>\n\t\t\t\t\t<\/div>\n\t\t<\/section>\n\t\t\t\t<section class=\"elementor-section elementor-top-section elementor-element elementor-element-eedb697 elementor-section-boxed elementor-section-height-default elementor-section-height-default\" data-id=\"eedb697\" data-element_type=\"section\" data-e-type=\"section\">\n\t\t\t\t\t\t<div class=\"elementor-container elementor-column-gap-default\">\n\t\t\t\t\t<div class=\"elementor-column elementor-col-100 elementor-top-column elementor-element elementor-element-fd9a532\" data-id=\"fd9a532\" data-element_type=\"column\" data-e-type=\"column\">\n\t\t\t<div class=\"elementor-widget-wrap elementor-element-populated\">\n\t\t\t\t\t\t<div class=\"elementor-element elementor-element-479beee elementor-widget elementor-widget-text-editor\" data-id=\"479beee\" data-element_type=\"widget\" data-e-type=\"widget\" data-widget_type=\"text-editor.default\">\n\t\t\t\t<div class=\"elementor-widget-container\">\n\t\t\t\t\t\t\t\t\t<p>L\u2019histoire de l\u2019Albergo Santa Chiara commence en 1839. A\u2019 l\u2019origine \u00e9tait un d\u00e9bit de vin, apr\u00e8s transformait en petit auberge, agrandit dans les ann\u00e9es suivantes.<br \/>Les premi\u00e8res dix chambres sont maintenant 96 distribu\u00e9es dans trois palais l\u2019une \u00e0 c\u00f4t\u00e9 de l\u2019autre et communicants. Dans un de ces b\u00e2timents est abrit\u00e9 la Chapelle de Sainte Catherine de Siena. Le vieux hall, au contraire, est devenu un th\u00e9\u00e2tre.<br \/>Ils ne peuvent pas manquer de faire un bout de causette aux table du bar en plein air qui donne sur place de la Minerva. Les clients plus affectionn\u00e9s aiment les chambres grandes et d\u00e9cor\u00e9es d\u2019un style classique. Les jeunes pr\u00e9f\u00e8rent celles modernes et high-tech. Le service de l\u2019h\u00f4tel est impeccable, les chambres sont tr\u00e8s propres et les lits sont extr\u00eamement confortables. Vous trouverez que c\u2019est un h\u00f4tel tranquille amicale et parfait pour se sentir comme chez eux. La direction de l\u2019h\u00f4tel est toujours dans la m\u00eame famille depuis un si\u00e8cle<br \/>La salle au rez de chauss\u00e9e a vu Don Sturzo proclamer le Partie Populaire, les chambres ont compt\u00e9s les premiers pas des Prix Nobel comme Amartya Sen et Franco Modigliani, eccl\u00e9siastiques apr\u00e8s devenus Pontifes, politiques \u00e9lus Pr\u00e9sident de la R\u00e9publique, philosophes, artistes, \u00e9crivains, de Fogazzaro \u00e0 Sartre \u00e0 Banana Yoshimoto.<\/p><p>\u00a0<\/p>\t\t\t\t\t\t\t\t<\/div>\n\t\t\t\t<\/div>\n\t\t\t\t\t<\/div>\n\t\t<\/div>\n\t\t\t\t\t<\/div>\n\t\t<\/section>\n\t\t\t\t<\/div>\n\t\t","protected":false},"excerpt":{"rendered":"<p>L\u2019histoire de l\u2019Albergo Santa Chiara commence en 1839. A\u2019 l\u2019origine \u00e9tait un d\u00e9bit de vin, apr\u00e8s transformait en petit auberge, agrandit dans les ann\u00e9es suivantes.Les premi\u00e8res dix chambres sont maintenant 96 distribu\u00e9es dans trois palais l\u2019une \u00e0 c\u00f4t\u00e9 de l\u2019autre et communicants. Dans un de ces b\u00e2timents est abrit\u00e9 la Chapelle de Sainte Catherine de [&hellip;]<\/p>\n","protected":false},"author":1,"featured_media":0,"parent":0,"menu_order":0,"comment_status":"closed","ping_status":"closed","template":"","meta":{"footnotes":""},"class_list":["post-2087","page","type-page","status-publish","hentry"],"_links":{"self":[{"href":"https:\/\/www.albergosantachiara.com\/fr\/wp-json\/wp\/v2\/pages\/2087","targetHints":{"allow":["GET"]}}],"collection":[{"href":"https:\/\/www.albergosantachiara.com\/fr\/wp-json\/wp\/v2\/pages"}],"about":[{"href":"https:\/\/www.albergosantachiara.com\/fr\/wp-json\/wp\/v2\/types\/page"}],"author":[{"embeddable":true,"href":"https:\/\/www.albergosantachiara.com\/fr\/wp-json\/wp\/v2\/users\/1"}],"replies":[{"embeddable":true,"href":"https:\/\/www.albergosantachiara.com\/fr\/wp-json\/wp\/v2\/comments?post=2087"}],"version-history":[{"count":6,"href":"https:\/\/www.albergosantachiara.com\/fr\/wp-json\/wp\/v2\/pages\/2087\/revisions"}],"predecessor-version":[{"id":20933,"href":"https:\/\/www.albergosantachiara.com\/fr\/wp-json\/wp\/v2\/pages\/2087\/revisions\/20933"}],"wp:attachment":[{"href":"https:\/\/www.albergosantachiara.com\/fr\/wp-json\/wp\/v2\/media?parent=2087"}],"curies":[{"name":"wp","href":"https:\/\/api.w.org\/{rel}","templated":true}]}}